{"id":214,"date":"2019-06-03T16:22:17","date_gmt":"2019-06-03T16:22:17","guid":{"rendered":"http:\/\/www.point-du-jour.ch\/pointdujour\/?page_id=214"},"modified":"2019-12-02T09:15:24","modified_gmt":"2019-12-02T09:15:24","slug":"journal-37","status":"publish","type":"page","link":"https:\/\/www.point-du-jour.ch\/pointdujour\/journal-37\/","title":{"rendered":"Journal n\u00b037"},"content":{"rendered":"\n<p class=\"has-text-align-right\"><em>juin 2019<\/em><\/p>\n\n\n<p style=\"font-size: 23px;\"><strong><em>Chers parents et amis<\/em><\/strong><\/p>\n<p style=\"text-align: justify;\">Aujourd&rsquo;hui, le 9 mai, il fait froid, il pleut, il ne fait pas beau, mais pour notre f\u00eate de l\u2019\u00e9t\u00e9 j\u2019esp\u00e8re que le soleil sera au rendez-vous et qu\u2019il nous apportera beaucoup de chaleur.<br><img loading=\"lazy\" decoding=\"async\" class=\" wp-image-253 aligncenter\" src=\"https:\/\/www.point-du-jour.ch\/pointdujour\/wp-content\/uploads\/2019\/06\/soleil-2-294x300.png\" alt=\"\" width=\"198\" height=\"202\" srcset=\"https:\/\/www.point-du-jour.ch\/pointdujour\/wp-content\/uploads\/2019\/06\/soleil-2-294x300.png 294w, https:\/\/www.point-du-jour.ch\/pointdujour\/wp-content\/uploads\/2019\/06\/soleil-2.png 583w\" sizes=\"auto, (max-width: 198px) 100vw, 198px\" \/>En attendant nous pr\u00e9parons l\u2019exposition. J\u2019ai encore quelques commandes \u00e0 faire. En poterie, Titine et Edouard ont command\u00e9 des bougeoirs en forme d\u2019\u00e9toile. En laine feutr\u00e9e, j\u2019ai fini la commande de Sylvain et un \u00e9tui de natel avec un chat pour l\u2019offrir \u00e0 Olivier.<\/p>\n<p>A la maison, j\u2019avais dessin\u00e9 la t\u00eate du chat et Sylvain a corrig\u00e9 la forme des oreilles. Ce n\u2019est pas simple de faire les oreilles pointues.<\/p>\n<p style=\"text-align: right;\">Sophie<\/p>\n<hr>\n\n\n<p style=\"font-size:21px\"><em><strong>Au fils des jours<\/strong><\/em><\/p>\n\n\n<p style=\"text-align: justify;\">En poterie, j\u2019ai beaucoup aim\u00e9 tourner le gobelet que j\u2019ai ensuite peint en rose, vert fonc\u00e9 et aussi en blanc. Au tissage. je fais un tapis de toutes les couleurs. C\u2019est presque toutes les couleurs de l\u2019arc en ciel.<br>Cette ann\u00e9e nous avons eu une stagiaire qui venait de l\u2019universit\u00e9 et qui s\u2019appelait Carla. Avec elle nous avons fait de la peinture. Elle est rest\u00e9e jusqu\u2019\u00e0 P\u00e2ques.<br>J\u2019ai beaucoup aim\u00e9 les marches avec Rexhep parce que j\u2019ai choisi les musiques de Michel Sardou et Hugues Aufray sur son Smartphone. J\u2019esp\u00e8re qu\u2019il ne fera pas trop chaud car on ne supporte pas la chaleur.<\/p>\n<p style=\"text-align: right;\">Patrick<\/p>\n<hr>\n<p style=\"text-align: justify;\">C\u2019est cool de chanter en travaillant. J\u2019aime bien \u00eatre avec Sandra Carla, on s\u2019entend bien.. Maintenant, je mange au Point du Jour et \u00e7a me pla\u00eet beaucoup. Lidya cuisine toujours de bons plats.<\/p>\n<p style=\"text-align: right;\">Valbona<\/p>\n<hr>\n<p style=\"text-align: justify;\">J\u2019aime beaucoup faire la cuisine le mardi avec Christiane et le mercredi avec Nicole. Je m\u2019occupe de la salade, j\u2019\u00e9pluche les carottes, et les pommes de terre. J\u2019essuie aussi la vaisselle. Aujourd\u2019hui, nous avons fait une salade m\u00eal\u00e9e, des p\u00e2tes \u00e0 la carbonara et du flan caramel pour le dessert. J\u2019ai aussi d\u00e9j\u00e0 \u00e9pluch\u00e9 les pommes de terre pour la soupe de demain.<\/p>\n<p style=\"text-align: right;\">Anita<\/p>\n<hr>\n<p style=\"text-align: justify;\">A midi, je mange \u00e0 la grande table. D\u2019abord, j\u2019aime bien manger. Ensuite, j\u2019aime discuter avec les autres, on discute de tout et de rien avec Pascal et Christiane. C\u2019est Sophie qui met la table et c\u2019est elle qui d\u00e9barrasse aussi, Moi, je ne fais rien, j\u2019appr\u00e9cie de ne rien faire, Merci Sophie !!!<br>Moi, je mange une fois, les autres mangent toujours deux fois. J\u2019ai un petit estomac, mais qui a assez de place pour les desserts quand-m\u00eame ! Mais je fais toujours attention de ne pas trop manger.<\/p>\n<p style=\"text-align: right;\">Sarah<\/p>\n<hr>\n<p style=\"text-align: justify;\">Parfois, il y a beaucoup de choses \u00e0 ranger dans l\u2019atelier de poterie, les couteaux, les bols avec de l\u2019eau, nettoyer les tables. Pour l\u2019atelier de cuir, il faut toujours ranger les pieds de sellier.<br>Un jour, l\u2019atelier de laine feutr\u00e9e \u00e9tait tout en ordre. J\u2019aime aussi \u00eatre tout seul \u00e0 l\u2019atelier de laine feutr\u00e9e quand Christiane n\u2019est pas l\u00e0 et mettre la musique tr\u00e8s fort en faisant les mots crois\u00e9s. Il faut que j\u2019\u00e9quilibre mon sac \u00e0 dos et qu\u2019il soit moins lourd.<br>Quand Sarah arrive avec le bus, j\u2019aime beaucoup aller l\u2019accueillir et j\u2019aimerais faire une promenade avec elle mais il faut aller \u00e0 l\u2019atelier sinon il n\u2019y a pas de salaire.<\/p>\n<p style=\"text-align: right;\">Sandro Kambiz<\/p>\n<hr>\n<p style=\"text-align: justify;\">Au Point du Jour, j\u2019adore le cuir et la couture. A la poterie je fais un oiseau qui chante avec un joli bec rose. Je voudrais l\u2019offrir \u00e0 mes parents. J\u2019ai aussi fait un pot en tournage. Apr\u00e8s j\u2019avais les mains sales, mais je les ai bien nettoy\u00e9es.<br>L\u2019apr\u00e8s-midi, quand j\u2019ai fini de travailler, je me pr\u00e9pare et je pars avec Rexhep en voiture ou en scooter pour rejoindre Denis, mon papa. Quand je suis dans la voiture, j\u2019\u00e9coute Chantal Goya, G\u00e9rard Lenorman et Michel Sardou.<\/p>\n<p style=\"text-align: right;\">Jean-Marie<\/p>\n<hr>\n<p style=\"text-align: justify;\">Moi, j\u2019aime la balancelle au jardin. J\u2019y vais pour faire ma pause. J\u2019aime les fleurs. Je vois de tr\u00e8s jolies p\u00e2querettes et des marguerites. Avant il y avait des primev\u00e8res et des perces-neige<\/p>\n<p style=\"text-align: right;\">Pierre<\/p>\n<hr>\n<p style=\"text-align: justify;\">Mercredi pass\u00e9, Renate et Bruno sont venus manger \u00e0 midi au Point du Jour. J\u2019\u00e9tais tr\u00e8s contente de les rencontrer. Cela faisait longtemps que je ne voyais pas Renate, c\u2019\u00e9tait tr\u00e8s sympa.<br>J\u2019aime inventer des phrases, je les appelle \u00abJeu de mots\u00bb, comme \u2013 Bruno qui ramasse les pruneaux. \u2013 Renate faisait le cuir avec Sophie. \u2013 Pierre pr\u00e9f\u00e8re appeler sa m\u00e8re. &#8211; On a fini le classeur et apr\u00e8s on change de couleur.<\/p>\n<p style=\"text-align: right;\">Sophie<\/p>\n<hr>\n\n\n<p style=\"font-size:21px\"><strong><em>Points sur nos rencontres<\/em><\/strong><\/p>\n\n\n<p style=\"text-align: justify;\">Nous avons poursuivi nos rencontres sur la Suisse ce qui me pla\u00eet beaucoup, comme je vais \u00eatre bient\u00f4t naturalis\u00e9 suisse.<br>Nous avons test\u00e9 des repas suisses comme le papet vaudois qui est compos\u00e9 du saucisson, des pommes de terre et des poireaux. Cela m\u2019a beaucoup plus.<br>Nous avons parl\u00e9 des cantons, appris \u00e0 conna\u00eetre les diff\u00e9rents drapeaux, les montagnes, les lacs. J\u2019aime beaucoup leur nom car il change selon les langues comme par exemple le Vierwaldst\u00e4ttersee qui est le lac des Quatre-Cantons ou le Matterhorn qui est le Cervin.<\/p>\n\n\n<p class=\"has-text-align-right\">Patrick<\/p>\n\n\n\n<div class=\"wp-block-image\"><figure class=\"aligncenter is-resized\"><img loading=\"lazy\" decoding=\"async\" src=\"https:\/\/www.point-du-jour.ch\/pointdujour\/wp-content\/uploads\/2019\/06\/plaque-300x76.png\" alt=\"\" class=\"wp-image-251\" width=\"400\" height=\"76\"\/><figcaption><br><\/figcaption><\/figure><\/div>\n\n\n<p style=\"text-align: justify;\">On a fini le th\u00e8me de l\u2019ann\u00e9e : \u00ab La Suisse \u00bb. La chose que je pr\u00e9f\u00e8re est le drapeau de la Suisse. Il est carr\u00e9, rouge avec une croix blanche. J\u2019aime aussi le drapeau du canton de Gen\u00e8ve avec l\u2019aigle et la cl\u00e9. Le drapeau du canton de Vaud est blanc et vert, j\u2019aime moins.<\/p>\n<p style=\"text-align: right;\">Sophie<\/p>\n<hr>\n<p style=\"text-align: justify;\">Lors des rencontres, j\u2019aime coller les images, \u00e9couter la musique, applaudir et dire \u00ab bravo \u00bb.<\/p>\n<p style=\"text-align: right;\">Sandra Carla<\/p>\n<hr>\n<p style=\"text-align: justify;\">En Suisse j\u2019aime les cantons de Gen\u00e8ve et de Neuch\u00e2tel. Il y a de beaux lacs. J\u2019aime le chocolat suisse ; je bois un chocolat froid le matin et l\u2019apr\u00e8s-midi je mange un carr\u00e9 de chocolat.<\/p>\n<p>Quand je viens \u00e0 Gen\u00e8ve, je regarde les carrousels \u00e0 c\u00f4t\u00e9 de chez moi. J\u2019ai une montre grise que je laisse \u00e0 la maison pour \u00e9viter de la casser.<\/p>\n<p style=\"text-align: right;\">Jean-Marie<\/p>\n<hr>\n<p style=\"text-align: justify;\">J\u2019adore la ville de Gen\u00e8ve. Le lac L\u00e9man est tr\u00e8s joli. Le pacte suisse a \u00e9t\u00e9 \u00e9crit en 1291. Zurich, Berne et B\u00e2le sont les plus grandes villes de Suisse.<\/p>\n<p>On a \u00e9tudi\u00e9 les montres suisses. J\u2019ai une montre neuch\u00e2teloise, c\u2019est une Tissot.<\/p>\n<p>Le gruy\u00e8re fribourgeois est un bon fromage. Suchard, Favarger, Lindt, Cailler sont des marques de chocolat suisse<\/p>\n<p style=\"text-align: right;\">Pascal<\/p>\n<p><img loading=\"lazy\" decoding=\"async\" class=\" wp-image-257 aligncenter\" src=\"https:\/\/www.point-du-jour.ch\/pointdujour\/wp-content\/uploads\/2019\/06\/montre-1.png\" alt=\"\" width=\"114\" height=\"195\"><\/p>","protected":false},"excerpt":{"rendered":"<p>juin 2019 Chers parents et amis Aujourd&rsquo;hui, le 9 mai, il fait froid, il pleut, il ne fait pas beau, mais pour notre f\u00eate de l\u2019\u00e9t\u00e9 j\u2019esp\u00e8re que le soleil sera au rendez-vous et qu\u2019il nous apportera beaucoup de chaleur.En attendant nous pr\u00e9parons l\u2019exposition. J\u2019ai encore quelques commandes \u00e0 faire. En poterie, Titine et Edouard &hellip; <a href=\"https:\/\/www.point-du-jour.ch\/pointdujour\/journal-37\/\" class=\"more-link\">Continuer la lecture de <span class=\"screen-reader-text\">Journal n\u00b037<\/span><\/a><\/p>\n","protected":false},"author":1,"featured_media":0,"parent":0,"menu_order":0,"comment_status":"closed","ping_status":"closed","template":"","meta":{"footnotes":""},"class_list":["post-214","page","type-page","status-publish","hentry"],"_links":{"self":[{"href":"https:\/\/www.point-du-jour.ch\/pointdujour\/wp-json\/wp\/v2\/pages\/214","targetHints":{"allow":["GET"]}}],"collection":[{"href":"https:\/\/www.point-du-jour.ch\/pointdujour\/wp-json\/wp\/v2\/pages"}],"about":[{"href":"https:\/\/www.point-du-jour.ch\/pointdujour\/wp-json\/wp\/v2\/types\/page"}],"author":[{"embeddable":true,"href":"https:\/\/www.point-du-jour.ch\/pointdujour\/wp-json\/wp\/v2\/users\/1"}],"replies":[{"embeddable":true,"href":"https:\/\/www.point-du-jour.ch\/pointdujour\/wp-json\/wp\/v2\/comments?post=214"}],"version-history":[{"count":48,"href":"https:\/\/www.point-du-jour.ch\/pointdujour\/wp-json\/wp\/v2\/pages\/214\/revisions"}],"predecessor-version":[{"id":352,"href":"https:\/\/www.point-du-jour.ch\/pointdujour\/wp-json\/wp\/v2\/pages\/214\/revisions\/352"}],"wp:attachment":[{"href":"https:\/\/www.point-du-jour.ch\/pointdujour\/wp-json\/wp\/v2\/media?parent=214"}],"curies":[{"name":"wp","href":"https:\/\/api.w.org\/{rel}","templated":true}]}}