{"id":28,"date":"2018-06-04T07:40:51","date_gmt":"2018-06-04T07:40:51","guid":{"rendered":"http:\/\/www.point-du-jour.ch\/pointdujour\/?page_id=28"},"modified":"2025-11-29T08:38:02","modified_gmt":"2025-11-29T08:38:02","slug":"agenda","status":"publish","type":"page","link":"https:\/\/www.point-du-jour.ch\/pointdujour\/agenda\/","title":{"rendered":"Agenda"},"content":{"rendered":"\n<p><\/p>\n\n\n\n<p class=\"has-medium-font-size\"><strong>Dates de fermeture de l\u2019atelier&nbsp; 2025 &#8211; 2026<\/strong><\/p>\n\n\n\n<figure class=\"wp-block-table\">\n<table style=\"font-size: 16px; table-layout: fixed; \">\n<tbody>\n<tr><td style=\"width: 30%;\">\u00c9t\u00e9<\/td><td>du lundi 28 juillet 2025 au vendredi 8 ao\u00fbt 2025<\/br> &#8211; reprise lundi 18 ao\u00fbt 2025<\/td><\/tr>\n\n<tr><td>Je\u00fbne genevois<\/td><td>jeudi 11 septembre 2025<\/td><\/tr>\n\n<tr><td>No\u00ebl et Nouvel-An<\/td><td>du lundi 22 d\u00e9cembre 2025 au vendredi 2 janvier 2026<\/br> &#8211; reprise lundi 5 janvier 2026<\/td><\/tr>\n\n<tr><td>P\u00e2ques<\/td><td>du vendredi 3 avril au vendredi 17 avril 2026<br\/> &#8211; reprise lundi 20 avril 2025<\/td><\/tr>\n\n<tr><td>Pont de l\u2019Ascension<\/td><td>jeudi 14 et vendredi 15 mai 2026<\/td><\/tr>\n\n<tr><td>Pentec\u00f4te<\/td><td>lundi 25 mai 2026<\/td><\/tr>\n\n<tr><td>\u00c9t\u00e9<\/td><td>du lundi 27 juillet au vendredi 14 ao\u00fbt 2026<br\/> &#8211; reprise lundi 17 ao\u00fbt 2026<\/td><\/tr>\n\n<\/tbody><\/table><\/figure>\n\n\n\n<p class=\"has-medium-font-size\"><strong>Dates \u00e0 retenir<\/strong><\/p>\n\n\n\n<div class=\"wp-block-columns is-layout-flex wp-container-core-columns-is-layout-9d6595d7 wp-block-columns-is-layout-flex\">\n<div class=\"wp-block-column is-layout-flow wp-block-column-is-layout-flow\" style=\"flex-basis:100%\">\n<figure class=\"wp-block-table\"><table style=\"font-size: 16px; table-layout: fixed;\"><tbody><tr><td style=\"width: 30%;\">March\u00e9 de No\u00ebl<\/td><td>samedi 13 d\u00e9cembre 2025 de 9h30 \u00e0 12h30<\/td><\/tr><tr><td style=\"width: 30%;\">F\u00eate de l\u2019\u00c9t\u00e9<\/td><td>samedi           20 juin 2026 de 9h30 \u00e0 12h30<\/td><\/tr><\/tbody><\/table><\/figure>\n<\/div>\n<\/div>\n\n\n\n<p><\/p>\n","protected":false},"excerpt":{"rendered":"<p>Dates de fermeture de l\u2019atelier&nbsp; 2025 &#8211; 2026 \u00c9t\u00e9 du lundi 28 juillet 2025 au vendredi 8 ao\u00fbt 2025 &#8211; reprise lundi 18 ao\u00fbt 2025 Je\u00fbne genevois jeudi 11 septembre 2025 No\u00ebl et Nouvel-An du lundi 22 d\u00e9cembre 2025 au vendredi 2 janvier 2026 &#8211; reprise lundi 5 janvier 2026 P\u00e2ques du vendredi 3 avril &hellip; <a href=\"https:\/\/www.point-du-jour.ch\/pointdujour\/agenda\/\" class=\"more-link\">Continuer la lecture de <span class=\"screen-reader-text\">Agenda<\/span><\/a><\/p>\n","protected":false},"author":1,"featured_media":0,"parent":0,"menu_order":0,"comment_status":"closed","ping_status":"closed","template":"","meta":{"footnotes":""},"class_list":["post-28","page","type-page","status-publish","hentry"],"_links":{"self":[{"href":"https:\/\/www.point-du-jour.ch\/pointdujour\/wp-json\/wp\/v2\/pages\/28","targetHints":{"allow":["GET"]}}],"collection":[{"href":"https:\/\/www.point-du-jour.ch\/pointdujour\/wp-json\/wp\/v2\/pages"}],"about":[{"href":"https:\/\/www.point-du-jour.ch\/pointdujour\/wp-json\/wp\/v2\/types\/page"}],"author":[{"embeddable":true,"href":"https:\/\/www.point-du-jour.ch\/pointdujour\/wp-json\/wp\/v2\/users\/1"}],"replies":[{"embeddable":true,"href":"https:\/\/www.point-du-jour.ch\/pointdujour\/wp-json\/wp\/v2\/comments?post=28"}],"version-history":[{"count":48,"href":"https:\/\/www.point-du-jour.ch\/pointdujour\/wp-json\/wp\/v2\/pages\/28\/revisions"}],"predecessor-version":[{"id":587,"href":"https:\/\/www.point-du-jour.ch\/pointdujour\/wp-json\/wp\/v2\/pages\/28\/revisions\/587"}],"wp:attachment":[{"href":"https:\/\/www.point-du-jour.ch\/pointdujour\/wp-json\/wp\/v2\/media?parent=28"}],"curies":[{"name":"wp","href":"https:\/\/api.w.org\/{rel}","templated":true}]}}