{"id":304,"date":"2019-12-01T08:29:41","date_gmt":"2019-12-01T08:29:41","guid":{"rendered":"http:\/\/www.point-du-jour.ch\/pointdujour\/?page_id=304"},"modified":"2025-05-31T08:14:19","modified_gmt":"2025-05-31T08:14:19","slug":"journal-38","status":"publish","type":"page","link":"https:\/\/www.point-du-jour.ch\/pointdujour\/journal-38\/","title":{"rendered":"Journal n\u00b038"},"content":{"rendered":"\n<p class=\"has-text-align-right\"><em>d\u00e9cembre 2019<\/em><\/p>\n\n\n<p style=\"font-size: 23px;\"><strong><em>Chers parents et amis<\/em><\/strong><\/p>\n<p style=\"text-align: justify;\">Depuis quelques mois, Joana travaille avec nous au Point-du-Jour. Il y a aussi Lala, Estervan et Fr\u00e9d\u00e9ric qui viennent une ou deux fois par semaine.<br \/>Fr\u00e9d\u00e9ric est super g\u00e9nial ! Quand je suis en vacances, il aide \u00e0 d\u00e9barrasser la table, un grand merci \u00e0 Fr\u00e9d\u00e9ric.<br \/>Lala est super sympa avec moi. Elle est tr\u00e8s douce et gentille comme Joana. Je suis tr\u00e8s contente quand Christophe Deluz vient passer la journ\u00e9e avec nous. Je suis toujours contente de le revoir. Est-ce qu\u2019on a de ses nouvelles ?<\/p>\n<p style=\"text-align: right;\">Sophie<\/p>\n<p><strong><em><img loading=\"lazy\" decoding=\"async\" class=\" wp-image-344 aligncenter\" src=\"https:\/\/www.point-du-jour.ch\/pointdujour\/wp-content\/uploads\/2019\/12\/\u00e9toile_2-300x225.png\" alt=\"\" width=\"277\" height=\"208\" srcset=\"https:\/\/www.point-du-jour.ch\/pointdujour\/wp-content\/uploads\/2019\/12\/\u00e9toile_2-300x225.png 300w, https:\/\/www.point-du-jour.ch\/pointdujour\/wp-content\/uploads\/2019\/12\/\u00e9toile_2-700x525.png 700w, https:\/\/www.point-du-jour.ch\/pointdujour\/wp-content\/uploads\/2019\/12\/\u00e9toile_2-768x576.png 768w, https:\/\/www.point-du-jour.ch\/pointdujour\/wp-content\/uploads\/2019\/12\/\u00e9toile_2.png 800w\" sizes=\"auto, (max-width: 277px) 100vw, 277px\" \/>\u00a0<\/em><\/strong><\/p>\n<p style=\"text-align: justify;\">Pour l\u2019exposition vente, j\u2019aimerais inviter mes amis pour qu\u2019ils viennent admirer les objets de tout le monde, \u00e7a me ferait tr\u00e8s plaisir de partager ce moment avec eux.<\/p>\n<p style=\"text-align: right;\">Joana<\/p>\n<p style=\"font-size: 23px; text-align: center;\"><strong><em>Soyez les bienvenus au March\u00e9 de No\u00ebl,<br \/>nous vous attendons nombreux<\/em><\/strong><\/p>\n<table style=\"border-color: #2d8745; border-width: 5px; padding: 10px;\">\n<tbody>\n<tr>\n<td style=\"border-width: 0px;\">\n<h3 style=\"text-align: center; size: 21;\"><em><strong>March\u00e9 de No\u00ebl<br \/>des ateliers du Point du Jour<\/strong><\/em><\/h3>\n<p style=\"text-align: center;\">samedi 7 d\u00e9cembre 2019<br \/>de 9h30 \u00e0 12h30<\/p>\n<p style=\"text-align: center;\">Objets en cuir, c\u00e9ramique, laine feutr\u00e9e, cartes de voeux,<br \/>th\u00e9, caf\u00e9, petit biscuits&#8230;<br \/>sont au rendez-vous.<\/p>\n<p><strong><em>Exposants<\/em> :<br \/><\/strong><br \/>Sarah<br \/>Anita<img loading=\"lazy\" decoding=\"async\" class=\" wp-image-335 alignright\" src=\"https:\/\/www.point-du-jour.ch\/pointdujour\/wp-content\/uploads\/2019\/12\/Sapin-300x300.jpg\" alt=\"\" width=\"351\" height=\"351\" srcset=\"https:\/\/www.point-du-jour.ch\/pointdujour\/wp-content\/uploads\/2019\/12\/Sapin-300x300.jpg 300w, https:\/\/www.point-du-jour.ch\/pointdujour\/wp-content\/uploads\/2019\/12\/Sapin-700x700.jpg 700w, https:\/\/www.point-du-jour.ch\/pointdujour\/wp-content\/uploads\/2019\/12\/Sapin-150x150.jpg 150w, https:\/\/www.point-du-jour.ch\/pointdujour\/wp-content\/uploads\/2019\/12\/Sapin-768x768.jpg 768w, https:\/\/www.point-du-jour.ch\/pointdujour\/wp-content\/uploads\/2019\/12\/Sapin.jpg 1000w\" sizes=\"auto, (max-width: 351px) 100vw, 351px\" \/><br \/>Sandra Carla<br \/>Sophie<br \/>Fr\u00e9d\u00e9ric<br \/>Pierre<br \/>Micha\u00ebl<br \/>Valbona<br \/>Patrick<br \/>Joana Pereira<br \/>Pascal<br \/>Sandro Kambiz<br \/>Lala<br \/>Erika<br \/>Ariane<br \/>Noah<br \/>Jean-Marie<\/p>\n<\/td>\n<\/tr>\n<\/tbody>\n<\/table>\n<hr \/>\n\n\n<p style=\"font-size:21px\"><em><strong>Au fils des jours<\/strong><\/em><\/p>\n\n\n<p style=\"text-align: justify;\">J\u2019aime tous les ateliers au Point-du-Jour. J\u2019aime faire des sacs au cuir, je fais la couture toute seule et Nicole vient vers moi pour enlever les erreurs.<br \/>A la laine feutr\u00e9e, il y a de tr\u00e8s belles couleurs et j\u2019aime beaucoup \u00e7a. En poterie, j\u2019ai fait un bol canard, un petit plat poisson et un bol avec des fleurs. Maintenant, je fais un porte-crayon poule.<\/p>\n<p style=\"text-align: right;\">Joana<\/p>\n<hr>\n<p style=\"text-align: justify;\">Ce matin, j\u2019ai tiss\u00e9 avec Sandra-Carla. J\u2019ai choisi la couleur rouge. A midi, on a eu la soupe \u00e0 la courge que Lidya a pr\u00e9par\u00e9e. J\u2019aime beaucoup la soupe ! Apr\u00e8s le repas, j\u2019ai lu les livres. Ils parlent de belles choses sur la nature et sur la vie. Il y a de belles photos. L\u2019apr\u00e8s-midi, j\u2019ai pr\u00e9par\u00e9 des bougies en laine pour faire des cartes pour No\u00ebl. Ah ! On a \u00e9cout\u00e9 du piano ! Tous les vendredis, Patrick joue du piano. On a toujours beaucoup et bien travaill\u00e9.<\/p>\n<p style=\"text-align: right;\">Ariane<\/p>\n<hr>\n<p style=\"text-align: justify;\">Au Point-du-Jour, j\u2019aime bien faire des dessins et la peinture. Je fais aussi la cuisine en compagnie de mon amie Valbona. On coupe les pommes et parfois j\u2019aime bien manger. J\u2019encourage mes amis en les applaudissant.<\/p>\n<p style=\"text-align: right;\">Sandra Carla<\/p>\n<p><img loading=\"lazy\" decoding=\"async\" class=\"size-medium wp-image-350 aligncenter\" src=\"https:\/\/www.point-du-jour.ch\/pointdujour\/wp-content\/uploads\/2019\/12\/sapin-300x157.png\" alt=\"\" width=\"300\" height=\"157\" srcset=\"https:\/\/www.point-du-jour.ch\/pointdujour\/wp-content\/uploads\/2019\/12\/sapin-300x157.png 300w, https:\/\/www.point-du-jour.ch\/pointdujour\/wp-content\/uploads\/2019\/12\/sapin-700x366.png 700w, https:\/\/www.point-du-jour.ch\/pointdujour\/wp-content\/uploads\/2019\/12\/sapin-768x402.png 768w, https:\/\/www.point-du-jour.ch\/pointdujour\/wp-content\/uploads\/2019\/12\/sapin.png 1343w\" sizes=\"auto, (max-width: 300px) 100vw, 300px\" \/><\/p>\n<p style=\"text-align: justify;\">A midi, je mange \u00e0 la grande table. D\u2019abord, j\u2019aime bien manger. Ensuite, j\u2019aime discuter avec les autres, on discute de tout et de rien avec Pascal et Christiane. C\u2019est Sophie qui met la table et c\u2019est elle qui d\u00e9barrasse aussi, Moi, je ne fais rien, j\u2019appr\u00e9cie de ne rien faire, Merci Sophie !!!<br \/>Moi, je mange une fois, les autres mangent toujours deux fois. J\u2019ai un petit estomac, mais qui a assez de place pour les desserts quand-m\u00eame ! Mais je fais toujours attention de ne pas trop manger.<\/p>\n<p style=\"text-align: right;\">Sarah<\/p>\n<hr>\n<p style=\"text-align: justify;\">On a de la chance d\u2019\u00eatre au Point du Jour car la campagne est belle. J\u2019aime toujours balayer l\u2019atelier de poterie quand il y a beaucoup de poussi\u00e8re ensuite Claire-Louise ramasse les tas avec la pelle et la balayette. <br \/>Cet \u00e9t\u00e9, Fifi ma chienne, est morte, on ne la verra plus. Le chat aussi est mort. En poterie, j\u2019ai fait une jolie plaque pour Fifi avec des belles couleurs.<br \/>J\u2019ai aussi fa\u00e7onn\u00e9 un vase o\u00f9 j\u2019ai rajout\u00e9 des escargots en haut.<\/p>\n<p style=\"text-align: right;\">Sandro Kambiz<\/p>\n<hr>\n<p style=\"text-align: justify;\">Je suis content des activit\u00e9s !<br \/>A la cuisine, j\u2019aime faire le dessert, comme la cr\u00e8me au chocolat. J\u2019aime le tissage.<br \/>A la laine feutr\u00e9e, j\u2019ai fait des animaux : la grenouille, le pingouin et l\u2019ours. On va les mettre sur l\u2019\u00e9tag\u00e8re \u00e0 l\u2019exposition.<br \/>En cuir, j\u2019ai fait des sacs et une ceinture tr\u00e8s solide.<br \/>Un tr\u00e8s bon jeudi !<\/p>\n<p style=\"text-align: right;\">Pascal<\/p>\n<hr>\n<p style=\"text-align: justify;\">J\u2019aime l\u2019atelier de tissage, parce que je tisse des tapis de toutes les couleurs et je garde des fois la laine rouge pour dire que c\u2019est la limite qui est tout en haut des b\u00e2tons.<br \/>A la poterie, j\u2019ai fait trois \u00e9toiles et trois triangles, lien de serviette, \u00e7a sera pr\u00eat en d\u00e9cembre.<\/p>\n<p style=\"text-align: right;\">Patrick<\/p>\n<hr>\n\n\n<p style=\"font-size:21px\"><strong><em>Points sur nos rencontres<\/em><\/strong><\/p>\n\n\n<p style=\"text-align: justify;\">La f\u00eate des vignerons 2019 \u00e0 Vevey est notre th\u00e8me en ce d\u00e9but d\u2019ann\u00e9e et c\u2019est un peu la continuit\u00e9 de notre th\u00e8me de la Suisse. J\u2019aime bien l\u2019histoire de la r\u00eaveuse quand elle participe aux r\u00e9p\u00e9titions du spectacle pour la f\u00eate. Elle est d\u00e9guis\u00e9e en papillon.<br \/>Avec mon groupe, nous chantons la chanson \u00ab Le vigneron monte \u00e0 sa vigne \u00bb et cela r\u00e9sonne un peu comme un hymne.<\/p>\n<p style=\"text-align: right;\">Patrick<\/p>\n<p><img loading=\"lazy\" decoding=\"async\" class=\"size-medium wp-image-342 aligncenter\" src=\"https:\/\/www.point-du-jour.ch\/pointdujour\/wp-content\/uploads\/2019\/12\/raisin-300x165.png\" alt=\"\" width=\"300\" height=\"165\" srcset=\"https:\/\/www.point-du-jour.ch\/pointdujour\/wp-content\/uploads\/2019\/12\/raisin-300x165.png 300w, https:\/\/www.point-du-jour.ch\/pointdujour\/wp-content\/uploads\/2019\/12\/raisin-700x384.png 700w, https:\/\/www.point-du-jour.ch\/pointdujour\/wp-content\/uploads\/2019\/12\/raisin-768x421.png 768w, https:\/\/www.point-du-jour.ch\/pointdujour\/wp-content\/uploads\/2019\/12\/raisin.png 1485w\" sizes=\"auto, (max-width: 300px) 100vw, 300px\" \/><\/p>\n<p>Le moment que je pr\u00e9f\u00e8re lors de la rencontre du jeudi, c\u2019est quand on chante la chanson du vigneron. Elise, une stagiaire, nous met le chant sur son natel comme \u00e7a on peut \u00e9couter ou bien chanter avec la musique. C\u2019est chouette !<\/p>\n<p style=\"text-align: right;\">Joana<\/p>\n<hr>\n<p style=\"text-align: justify;\">Bient\u00f4t en hiver ! Ce n\u2019est pas simple pour les vignerons parce qu\u2019il va geler.<\/p>\n<p style=\"text-align: right;\">Sophie<\/p>\n<hr>\n\n\n<p style=\"font-size:21px\"><strong><em>Le vigneron monte \u00e0 la vigne<\/em><\/strong><\/p>\n\n\n<p style=\"text-align: justify;\">Ou\u0300 es-tu vigneron ?<\/p>\n<p>Le vigneron monte a\u0300 sa vigne, du bord de l&rsquo;eau jusqu&rsquo;au ciel la\u0300- haut! On voit d&rsquo;abord son vieux chapeau, c&rsquo;est pas un chapeau du dimanche, il a pluto\u0302t l&rsquo;air d&rsquo;un corbeau perche\u0301 sur une branche ;<br \/>Ou\u0300 es-tu vigneron ?<br \/>Ou\u0300 es-tu vigneron ?<\/p>\n<p>On voit ensuite son fossoir c&rsquo;est pas un fossoir de gamine il a pluto\u0302t l&rsquo;air d&rsquo;un butoir au flanc de la colline.<br \/>Ou\u0300 es-tu vigneron ?<br \/>Ou\u0300 es-tu vigneron ?<\/p>\n<p>On voit parai\u0302tre ses deux bras, c&rsquo;est pas les deux bras d&rsquo;une fille, pas non plus ceux d&rsquo;un avocat qui boit la camomille.<br \/>Ou\u0300 es-tu vigneron ?<br \/>Ou\u0300 es-tu vigneron ?<\/p>\n<p>Enfin voici ses gros souliers, c&rsquo;est pas des souliers pour la danse, ils sont pluto\u0302t faits pour monter jusqu&rsquo;ou\u0300 le ciel commence.<br \/>Te voici, vigneron !<br \/>Te voici, vigneron !<\/p>\n<p><img loading=\"lazy\" decoding=\"async\" class=\" wp-image-349 aligncenter\" src=\"https:\/\/www.point-du-jour.ch\/pointdujour\/wp-content\/uploads\/2019\/12\/raisin_2-226x300.png\" alt=\"\" width=\"122\" height=\"162\" srcset=\"https:\/\/www.point-du-jour.ch\/pointdujour\/wp-content\/uploads\/2019\/12\/raisin_2-226x300.png 226w, https:\/\/www.point-du-jour.ch\/pointdujour\/wp-content\/uploads\/2019\/12\/raisin_2.png 488w\" sizes=\"auto, (max-width: 122px) 100vw, 122px\" \/><\/p>","protected":false},"excerpt":{"rendered":"<p>d\u00e9cembre 2019 Chers parents et amis Depuis quelques mois, Joana travaille avec nous au Point-du-Jour. Il y a aussi Lala, Estervan et Fr\u00e9d\u00e9ric qui viennent une ou deux fois par semaine.Fr\u00e9d\u00e9ric est super g\u00e9nial ! Quand je suis en vacances, il aide \u00e0 d\u00e9barrasser la table, un grand merci \u00e0 Fr\u00e9d\u00e9ric.Lala est super sympa avec &hellip; <a href=\"https:\/\/www.point-du-jour.ch\/pointdujour\/journal-38\/\" class=\"more-link\">Continuer la lecture de <span class=\"screen-reader-text\">Journal n\u00b038<\/span><\/a><\/p>\n","protected":false},"author":1,"featured_media":0,"parent":0,"menu_order":0,"comment_status":"closed","ping_status":"closed","template":"","meta":{"footnotes":""},"class_list":["post-304","page","type-page","status-publish","hentry"],"_links":{"self":[{"href":"https:\/\/www.point-du-jour.ch\/pointdujour\/wp-json\/wp\/v2\/pages\/304","targetHints":{"allow":["GET"]}}],"collection":[{"href":"https:\/\/www.point-du-jour.ch\/pointdujour\/wp-json\/wp\/v2\/pages"}],"about":[{"href":"https:\/\/www.point-du-jour.ch\/pointdujour\/wp-json\/wp\/v2\/types\/page"}],"author":[{"embeddable":true,"href":"https:\/\/www.point-du-jour.ch\/pointdujour\/wp-json\/wp\/v2\/users\/1"}],"replies":[{"embeddable":true,"href":"https:\/\/www.point-du-jour.ch\/pointdujour\/wp-json\/wp\/v2\/comments?post=304"}],"version-history":[{"count":15,"href":"https:\/\/www.point-du-jour.ch\/pointdujour\/wp-json\/wp\/v2\/pages\/304\/revisions"}],"predecessor-version":[{"id":574,"href":"https:\/\/www.point-du-jour.ch\/pointdujour\/wp-json\/wp\/v2\/pages\/304\/revisions\/574"}],"wp:attachment":[{"href":"https:\/\/www.point-du-jour.ch\/pointdujour\/wp-json\/wp\/v2\/media?parent=304"}],"curies":[{"name":"wp","href":"https:\/\/api.w.org\/{rel}","templated":true}]}}