{"id":406,"date":"2020-12-08T11:40:16","date_gmt":"2020-12-08T11:40:16","guid":{"rendered":"http:\/\/www.point-du-jour.ch\/pointdujour\/?page_id=406"},"modified":"2025-05-31T08:16:05","modified_gmt":"2025-05-31T08:16:05","slug":"journal-n39","status":"publish","type":"page","link":"https:\/\/www.point-du-jour.ch\/pointdujour\/journal-n39\/","title":{"rendered":"Journal n\u00b039"},"content":{"rendered":"\n<p class=\"has-text-align-right\"><em>d\u00e9cembre 2020<\/em><\/p>\n\n\n<p style=\"font-size: 23px; text-align: center;\"><strong><em>Chers parents et amis, la pand\u00e9mie nous contraint de r\u00e9diger une \u00e9dition sp\u00e9ciale.<\/em><\/strong><\/p>\n<p style=\"text-align: justify;\">J\u2019ai d\u00fb passer 3 mois de confinement chez mes parents en France \u00e0 cause du coronavirus et j\u2019ai d\u00fb apprendre \u00e0 me laver les mains et aussi me les d\u00e9sinfecter.<br \/>J\u2019ai pens\u00e9 comme il n\u2019y a pas eu de f\u00eate de l\u2019\u00e9t\u00e9 et des autres f\u00eates comme la f\u00eate de l\u2019automne, il n\u2019y aura pas d\u2019exposition de No\u00ebl cette ann\u00e9e \u00e0 cause du COVID-19.<br \/>J\u2019ai \u00e9t\u00e9 content de reprendre mes activit\u00e9s au Point du Jour avant de les finir pour le deuxi\u00e8me confinement en esp\u00e9rant de les reprendre au mois de d\u00e9cembre.<br \/>Pendant mon confinement, j\u2019ai fait mes cours de piano \u00e0 distance et j\u2019ai toujours pens\u00e9 au Point du Jour. Tous les soirs j\u2019avais beaucoup de plaisir \u00e0 t\u00e9l\u00e9phoner \u00e0 Erika.<br \/>Le coronavirus \u00e9tait au d\u00e9part depuis la Chine dans un march\u00e9. C\u2019est venu d\u2019un animal et \u00e7a nous a demand\u00e9 beaucoup d\u2019efforts \u00e0 apprendre \u00e0 se laver les mains et se les d\u00e9sinfecter.<br \/>J\u2019ai surv\u00e9cu \u00e0 ce virus et j\u2019ai fait tr\u00e8s attention \u00e0 ne pas l\u2019attraper car \u00e7a pourrait me causer des probl\u00e8mes<\/p>\n<p style=\"text-align: right;\">Patrick<\/p>\n<p><strong><em><img loading=\"lazy\" decoding=\"async\" class=\" wp-image-344 aligncenter\" src=\"https:\/\/www.point-du-jour.ch\/pointdujour\/wp-content\/uploads\/2019\/12\/\u00e9toile_2-300x225.png\" alt=\"\" width=\"277\" height=\"208\" srcset=\"https:\/\/www.point-du-jour.ch\/pointdujour\/wp-content\/uploads\/2019\/12\/\u00e9toile_2-300x225.png 300w, https:\/\/www.point-du-jour.ch\/pointdujour\/wp-content\/uploads\/2019\/12\/\u00e9toile_2-700x525.png 700w, https:\/\/www.point-du-jour.ch\/pointdujour\/wp-content\/uploads\/2019\/12\/\u00e9toile_2-768x576.png 768w, https:\/\/www.point-du-jour.ch\/pointdujour\/wp-content\/uploads\/2019\/12\/\u00e9toile_2.png 800w\" sizes=\"auto, (max-width: 277px) 100vw, 277px\" \/> <\/em><\/strong><\/p>\n<p style=\"text-align: justify;\">Je suis d\u00e9\u00e7ue pour la f\u00eate de No\u00ebl mais j\u2019esp\u00e8re tr\u00e8s fort qu\u2019au mois de juin nous pourrons tous ensemble nous retrouver \u00e0 l\u2019exposition-vente et aussi boire un caf\u00e9 ou une autre boisson tout en parlant et rigolant.<br \/>Gr\u00e2ce \u00e0 la pand\u00e9mie, comme Patrick est confin\u00e9 en France avec ses parents, je peux aller plus souvent \u00e0 la poterie et \u00e7a me fait tr\u00e8s plaisir.<\/p>\n<p style=\"text-align: right;\">Sarah<\/p>\n<p style=\"font-size: 23px; text-align: center;\"><strong><em>Soyez prudents, restez \u00e0 la maison ! <\/em><\/strong><\/p>\n<\/p>\n<p><strong><em><img loading=\"lazy\" decoding=\"async\" class=\" wp-image-344 aligncenter\" src=\"https:\/\/www.point-du-jour.ch\/pointdujour\/wp-content\/uploads\/2020\/12\/covid_19_poster.jpg\" alt=\"\" width=\"356\" height=\"505\"> <\/em><\/strong><\/p>\n<p style=\"text-align: justify;\">Pendant le confinement en mars, avril et mai, j\u2019\u00e9tais \u00e0 la maison. Elise \u00e9tait au militaire. Je lui ai \u00e9crit des cartes et j\u2019ai pris du papier couleur pour faire un soleil et je lui ai demand\u00e9 les biscuits militaires.<br \/>Elise m\u2019a envoy\u00e9 des cartes aussi. Je les ai coll\u00e9es dans ma chambre derri\u00e8re le n\u00e9on.<\/p>\n<p style=\"text-align: right;\">Sophie<\/p>\n<hr>\n\n\n<p style=\"font-size:21px\"><em><strong>Au fils des jours<\/strong><\/em><\/p>\n\n\n<p style=\"text-align: justify;\">Mon Article POINT DU JOUR \u00ab&nbsp; \u00ab&nbsp; Fred B \u00ab<br \/>\u00ab&nbsp;Dimanche 20 Septembre 2020<\/p>\n<p>Bonjour a vous<br \/>Je suis tr\u00e8s Heureux et Content D\u2019Avoir connu le POINT DU JOUR<br \/>Ou les responsables son superbe dynamiques et superbe gentille<br \/>Les usag\u00e9s usag\u00e9es<br \/>Son eux de m\u00eames quand a eu au TOP DU TOP<br \/>J\u2019ai Reconnaissance aux pr\u00eat du usag\u00e9es usag\u00e9s dois-je leur dire super best sympa<br \/>Et je remercie SOPHIE D\u2019Avoir Ecrits sur moi au Journal NUM 38.<br \/>\u00c7a me fait TRES PLAISIR&nbsp;!!!!<\/p>\n<p>Et les Activit\u00e9s Propos\u00e9s je suis Pr\u00f4neurs sans riens rechign\u00e9s<br \/>Les activit\u00e9s sont TRES DIVERS Et Pour Toutes Niveaux De Handicap<\/p>\n<p>J\u2019aimerai Grandement Ouvrir ++++ aux sens des Usag\u00e9s Usag\u00e9es avoir des Activit\u00e9s Avec ELLE ou EUX Hors DU POINT DU JOUR<br \/>Activit\u00e9s A Organis\u00e9es Entres NOUS<\/p>\n<p>Je suis n\u00e9 le 21 04 1977 et j\u2019ai commenc\u00e9 Le Point Du Jour A L\u2019\u00e2ge de 41 OU 42 Ans<br \/>Et j\u2019ai quelque souci en mon sujet je ne suis pas assez r\u00e9gulier les moindre frustrations je remette toutes en cause<\/p>\n<p>Merci \u00e0 toutes la DIRECTION DU POINT DU JOUR<\/p>\n<p>Fred-B<\/p>\n<hr>\n<p style=\"text-align: justify;\">Au mois de novembre, nous avons d\u00fb rester une semaine \u00e0 la maison, cela nous a fait \u00ab&nbsp;des petites vacances&nbsp;\u00bb parce que Coralie \u00e9tait positive au COVID-19. Le travail m\u2019a manqu\u00e9, aussi les rangements et Sarah&nbsp;!<br \/>Cette ann\u00e9e, l\u2019exposition-vente de No\u00ebl n\u2019a pas lieu et \u00e7a me rend triste mais je sais que les autres sont tristes aussi. J\u2019aime beaucoup la f\u00eate de No\u00ebl. Au feutre, je fais un p\u00e8re No\u00ebl rouge et je me r\u00e9jouis de le finir.<br \/>De temps en temps, j\u2019ai Ma\u00ebva au t\u00e9l\u00e9phone, on fait causette et \u00e7a me pla\u00eet bien. Elle me manque.<\/p>\n<p style=\"text-align: right;\">Sandro<\/p>\n<hr>\n<p style=\"text-align: justify;\">Au cuir avec Nicole, j\u2019aime la couture pour faire un joli sac bleu. C\u2019est une couleur que j\u2019aime beaucoup.<br \/>Avec Christiane \u00e0 la laine feutr\u00e9e, j\u2019ai fait un tr\u00e8s joli cadre photo jaune. Il est de forme ronde et de la couleur du soleil. J\u2019ai beaucoup appr\u00e9ci\u00e9 ce travail, mais j\u2019aime moins avoir toujours les mains mouill\u00e9es.<br \/>A la poterie, j\u2019ai fait un canard porte-\u00e9ponge que j\u2019ai peint avec des jolies couleurs que j\u2019ai choisies. Il faut encore le mettre au four pour le cuire. J\u2019esp\u00e8re qu\u2019il sera beau.<br \/>J\u2019ai aussi \u00e9t\u00e9 marcher avec Elise, Joana, Oc\u00e9ane et Patrick, \u00e7a s\u2019est bien pass\u00e9. Patrick nous met de la musique sur son t\u00e9l\u00e9phone et c\u2019est chouette !<\/p>\n<p style=\"text-align: right;\">Coralie&nbsp;<\/p>\n<\/p>\n<p><img loading=\"lazy\" decoding=\"async\" class=\"size-medium wp-image-350 aligncenter\" src=\"https:\/\/www.point-du-jour.ch\/pointdujour\/wp-content\/uploads\/2019\/12\/sapin-300x157.png\" alt=\"\" width=\"300\" height=\"157\" srcset=\"https:\/\/www.point-du-jour.ch\/pointdujour\/wp-content\/uploads\/2019\/12\/sapin-300x157.png 300w, https:\/\/www.point-du-jour.ch\/pointdujour\/wp-content\/uploads\/2019\/12\/sapin-700x366.png 700w, https:\/\/www.point-du-jour.ch\/pointdujour\/wp-content\/uploads\/2019\/12\/sapin-768x402.png 768w, https:\/\/www.point-du-jour.ch\/pointdujour\/wp-content\/uploads\/2019\/12\/sapin.png 1343w\" sizes=\"auto, (max-width: 300px) 100vw, 300px\" \/><\/p>\n<p style=\"text-align: justify;\">Je suis nouveau au Point du Jour et j\u2019aime beaucoup y venir pour faire la poterie. J\u2019ai d\u00e9j\u00e0 fini un plat poisson que j\u2019ai d\u00e9cor\u00e9 avec plusieurs couleurs&nbsp;: vert clair, bleu fonc\u00e9 et bleu clair.<br \/>Maintenant, il faut de la patience car il faut le laisser s\u00e9cher puis le mettre dans le four, deux fois, et finalement mon plat sera fini. J\u2019esp\u00e8re qu\u2019il sera beau.<\/p>\n<p style=\"text-align: right;\">Michael<\/p>\n<p style=\"text-align: justify;\">A l\u2019atelier cuir j\u2019ai fabriqu\u00e9 un sac rose, un porte-monnaie noir et aussi une ceinture dor\u00e9e. A l\u2019atelier de poterie j\u2019ai fait une assiette pour mon papa et une grande assiette pour les pizzas. J\u2019ai fait aussi un grand vase sur lequel j\u2019ai dessin\u00e9 des fleurs. Ce vase est pour ma maman.<br \/>Maintenant avec Elise et Coralie, je vais me promener dans les vignes. Je marche aussi des fois avec Patrick et on fait des grandes promenades.<br \/>Quand je viens au Point du Jour, je suis contente de voir ma copine Coralie. Il y a aussi Valbona avec qui je rigole beaucoup. Il y a aussi Erika, avec elle, je go\u00fbte enfin le petit chocolat.<br \/>Je fais aussi des bricolages en papier cr\u00e9pon. Je fais des fleurs de toutes les couleurs. J\u2019aime beaucoup couper le papier pour faire des fleurs et des feuilles. J\u2019ai fait un h\u00e9risson. Pour lui faire les piques qu\u2019il a sur le dos, j\u2019ai fait le tour de mes mains au crayon et ensuite on a coup\u00e9 et on a coll\u00e9.<\/p>\n<p style=\"text-align: right;\">Joana<\/p>\n<hr>\n<p style=\"text-align: justify;\">J\u2019aime bien participer \u00e0 l\u2019atelier art d\u00e9co avec Elise. J\u2019ai d\u00e9cor\u00e9 un h\u00e9risson en collant du papier cr\u00e9pon de diff\u00e9rentes couleurs, J\u2019ai colori\u00e9 des fleurs que l\u2019on a suspendues \u00e0 l\u2019atelier de poterie. J\u2019ai aussi colori\u00e9 un nuage et coll\u00e9 les rayons du soleil. Maintenant, tout le monde peut l\u2019admirer dans la grande salle. Je suis contente de faire mes petites affaires tout en \u00e9tant avec mes copines. J\u2019aime les \u00e9couter et rire avec elles.<\/p>\n<p style=\"text-align: right;\">Sandra Carla<\/p>\n<hr>\n\n\n<p style=\"font-size:21px\"><strong><em>Points sur nos rencontres<\/em><\/strong><\/p>\n\n\n<p style=\"text-align: justify;\">Notre rencontre cette ann\u00e9e \u00e9tait un peu sp\u00e9ciale parce qu\u2019on ne se rencontre plus \u00e0 10h30 \u00e0 cause de la pand\u00e9mie mais on a eu beaucoup de plaisir \u00e0 s\u2019entendre comme nous faisons toujours \u00e0 8h30.<br \/>Le th\u00e8me que nous avons commenc\u00e9 c\u2019est le d\u00e9veloppement durable et \u00e7a m\u2019a plu beaucoup, c\u2019\u00e9tait pour le recyclage.<\/p>\n<p style=\"text-align: right;\">Patrick<\/p>\n<p style=\"text-align: center;\"><img loading=\"lazy\" decoding=\"async\" class=\"alignnone  wp-image-415\" src=\"https:\/\/www.point-du-jour.ch\/pointdujour\/wp-content\/uploads\/2020\/12\/alu-fer-300x300.png\" alt=\"\" width=\"179\" height=\"179\" srcset=\"https:\/\/www.point-du-jour.ch\/pointdujour\/wp-content\/uploads\/2020\/12\/alu-fer-300x300.png 300w, https:\/\/www.point-du-jour.ch\/pointdujour\/wp-content\/uploads\/2020\/12\/alu-fer-150x150.png 150w, https:\/\/www.point-du-jour.ch\/pointdujour\/wp-content\/uploads\/2020\/12\/alu-fer.png 591w\" sizes=\"auto, (max-width: 179px) 100vw, 179px\" \/> \u00a0\u00a0\u00a0\u00a0 <img loading=\"lazy\" decoding=\"async\" class=\"alignnone  wp-image-417\" src=\"https:\/\/www.point-du-jour.ch\/pointdujour\/wp-content\/uploads\/2020\/12\/index.jpg\" alt=\"\" width=\"181\" height=\"180\" srcset=\"https:\/\/www.point-du-jour.ch\/pointdujour\/wp-content\/uploads\/2020\/12\/index.jpg 225w, https:\/\/www.point-du-jour.ch\/pointdujour\/wp-content\/uploads\/2020\/12\/index-150x150.jpg 150w\" sizes=\"auto, (max-width: 181px) 100vw, 181px\" \/> \u00a0 \u00a0\u00a0 <img loading=\"lazy\" decoding=\"async\" class=\"alignnone  wp-image-416\" src=\"https:\/\/www.point-du-jour.ch\/pointdujour\/wp-content\/uploads\/2020\/12\/verre-300x300.png\" alt=\"\" width=\"179\" height=\"179\" srcset=\"https:\/\/www.point-du-jour.ch\/pointdujour\/wp-content\/uploads\/2020\/12\/verre-300x300.png 300w, https:\/\/www.point-du-jour.ch\/pointdujour\/wp-content\/uploads\/2020\/12\/verre-150x150.png 150w, https:\/\/www.point-du-jour.ch\/pointdujour\/wp-content\/uploads\/2020\/12\/verre.png 591w\" sizes=\"auto, (max-width: 179px) 100vw, 179px\" \/><\/p>\n<\/p>\n<p style=\"text-align: justify;\">Cette ann\u00e9e le th\u00e8me c\u2019est l\u2019\u00e9cologie. Il faut trier ses d\u00e9chets pour prot\u00e9ger un peu la plan\u00e8te. Nous avons appris les diff\u00e9rentes poubelles que je trouve dans la d\u00e9chetterie.\u00a0\u00a0\u00a0\u00a0\u00a0\u00a0\u00a0\u00a0\u00a0\u00a0\u00a0\u00a0\u00a0\u00a0\u00a0\u00a0\u00a0\u00a0\u00a0\u00a0\u00a0\u00a0\u00a0\u00a0\u00a0\u00a0\u00a0\u00a0\u00a0\u00a0\u00a0\u00a0\u00a0\u00a0\u00a0\u00a0\u00a0\u00a0\u00a0\u00a0\u00a0\u00a0\u00a0\u00a0\u00a0\u00a0\u00a0\u00a0\u00a0\u00a0\u00a0\u00a0\u00a0\u00a0\u00a0\u00a0\u00a0\u00a0\u00a0<\/p>\n<p style=\"text-align: right;\">Sophie<\/p>\n<hr \/>\n\n\n<p class=\"has-text-align-center\" style=\"font-size:21px\"><strong><em>Joyeuses f\u00eates ! <\/em><\/strong><br><strong><em>Bonne ann\u00e9e 2021 !<\/em><\/strong><\/p>\n\n\n<p><img loading=\"lazy\" decoding=\"async\" class=\"wp-image-419 alignright\" src=\"https:\/\/www.point-du-jour.ch\/pointdujour\/wp-content\/uploads\/2020\/12\/sapin-201x300.jpg\" alt=\"\" width=\"443\" height=\"661\" srcset=\"https:\/\/www.point-du-jour.ch\/pointdujour\/wp-content\/uploads\/2020\/12\/sapin-201x300.jpg 201w, https:\/\/www.point-du-jour.ch\/pointdujour\/wp-content\/uploads\/2020\/12\/sapin.jpg 660w\" sizes=\"auto, (max-width: 443px) 100vw, 443px\" \/><\/p>\n<p>Sarah<br \/>Anita<br \/>Micha\u00ebl<br \/>Sandra Carla<br \/>Sophie<br \/>Fr\u00e9d\u00e9ric<br \/>Pierre<br \/>Valbona<br \/>Patrick<br \/>Nadia<br \/>Coralie<br \/>Joana Pereira<br \/>Pascal<br \/>Sandro<br \/>Lala<br \/>Erika<br \/>Ariane<br \/>Noah<br \/>Jean-Marie<\/p>\n\n\n<p><\/p>\n","protected":false},"excerpt":{"rendered":"<p>d\u00e9cembre 2020 Chers parents et amis, la pand\u00e9mie nous contraint de r\u00e9diger une \u00e9dition sp\u00e9ciale. J\u2019ai d\u00fb passer 3 mois de confinement chez mes parents en France \u00e0 cause du coronavirus et j\u2019ai d\u00fb apprendre \u00e0 me laver les mains et aussi me les d\u00e9sinfecter.J\u2019ai pens\u00e9 comme il n\u2019y a pas eu de f\u00eate de &hellip; <a href=\"https:\/\/www.point-du-jour.ch\/pointdujour\/journal-n39\/\" class=\"more-link\">Continuer la lecture de <span class=\"screen-reader-text\">Journal n\u00b039<\/span><\/a><\/p>\n","protected":false},"author":1,"featured_media":0,"parent":0,"menu_order":0,"comment_status":"closed","ping_status":"closed","template":"","meta":{"footnotes":""},"class_list":["post-406","page","type-page","status-publish","hentry"],"_links":{"self":[{"href":"https:\/\/www.point-du-jour.ch\/pointdujour\/wp-json\/wp\/v2\/pages\/406","targetHints":{"allow":["GET"]}}],"collection":[{"href":"https:\/\/www.point-du-jour.ch\/pointdujour\/wp-json\/wp\/v2\/pages"}],"about":[{"href":"https:\/\/www.point-du-jour.ch\/pointdujour\/wp-json\/wp\/v2\/types\/page"}],"author":[{"embeddable":true,"href":"https:\/\/www.point-du-jour.ch\/pointdujour\/wp-json\/wp\/v2\/users\/1"}],"replies":[{"embeddable":true,"href":"https:\/\/www.point-du-jour.ch\/pointdujour\/wp-json\/wp\/v2\/comments?post=406"}],"version-history":[{"count":13,"href":"https:\/\/www.point-du-jour.ch\/pointdujour\/wp-json\/wp\/v2\/pages\/406\/revisions"}],"predecessor-version":[{"id":576,"href":"https:\/\/www.point-du-jour.ch\/pointdujour\/wp-json\/wp\/v2\/pages\/406\/revisions\/576"}],"wp:attachment":[{"href":"https:\/\/www.point-du-jour.ch\/pointdujour\/wp-json\/wp\/v2\/media?parent=406"}],"curies":[{"name":"wp","href":"https:\/\/api.w.org\/{rel}","templated":true}]}}