{"id":442,"date":"2021-05-14T12:28:55","date_gmt":"2021-05-14T12:28:55","guid":{"rendered":"https:\/\/www.point-du-jour.ch\/pointdujour\/?page_id=442"},"modified":"2025-11-15T08:15:47","modified_gmt":"2025-11-15T08:15:47","slug":"notre-histoire","status":"publish","type":"page","link":"https:\/\/www.point-du-jour.ch\/pointdujour\/notre-histoire\/","title":{"rendered":"Qui sommes-nous ?"},"content":{"rendered":"\n<p class=\"has-normal-font-size\">Le \u00ab Point du Jour \u00bb est une association priv\u00e9e, fond\u00e9e en 1982 par un groupe d\u2019\u00e9ducateurs et de parents qui d\u00e9siraient que la prise en charge de leurs enfants en situation de handicap mentaux et\/ou pr\u00e9sentant des troubles du comportement, se fasse dans une structure familiale \u00e0 petit effectif et au sein de laquelle chaque membre de l\u2019association aurait l&rsquo;opportunit\u00e9 de participer \u00e0 son organisation et son fonctionnement. Selon un d\u00e9sir commun, tout suivi m\u00e9dical se fait dans les familles.<\/p>\n\n\n<div class=\"wp-block-image is-resized is-style-default\">\n<figure class=\"aligncenter size-large\"><img loading=\"lazy\" decoding=\"async\" width=\"700\" height=\"525\" src=\"https:\/\/www.point-du-jour.ch\/pointdujour\/wp-content\/uploads\/2018\/10\/40-700x525.jpg\" alt=\"\" class=\"wp-image-198\" srcset=\"https:\/\/www.point-du-jour.ch\/pointdujour\/wp-content\/uploads\/2018\/10\/40-700x525.jpg 700w, https:\/\/www.point-du-jour.ch\/pointdujour\/wp-content\/uploads\/2018\/10\/40-300x225.jpg 300w, https:\/\/www.point-du-jour.ch\/pointdujour\/wp-content\/uploads\/2018\/10\/40-768x576.jpg 768w\" sizes=\"auto, (max-width: 700px) 100vw, 700px\" \/><\/figure><\/div>\n\n\n<p class=\"has-normal-font-size\">Notre atelier a d\u00e9velopp\u00e9 ses activit\u00e9s sur la commune du Petit-Saconnex jusqu&rsquo;en 1990, puis \u00e0 Conches pendant 14 ans et, depuis septembre 2004, \u00e0 l&rsquo;adresse actuelle.<\/p>\n\n\n\n<p class=\"has-normal-font-size\">La survie de cette exp\u00e9rience n\u2019a pas \u00e9t\u00e9 facile au d\u00e9but ainsi qu\u2019au moment o\u00f9 les a\u00een\u00e9s ont atteint 18 ans (\u00e2ge adulte) car tous les statuts ont d\u00fb \u00eatre chang\u00e9s. De plus, malgr\u00e9 la participation financi\u00e8re des adultes invalides, c\u2019est gr\u00e2ce \u00e0 l\u2019apport de fonds divers que l\u2019association a tenu debout.<\/p>\n\n\n\n<p class=\"has-text-align-center\"><em>Nous sommes au b\u00e9n\u00e9fice d&rsquo;une certification ISO 9001:2015<\/em><\/p>\n\n\n<div class=\"wp-block-image\">\n<figure class=\"aligncenter size-large\"><img loading=\"lazy\" decoding=\"async\" width=\"700\" height=\"991\" src=\"https:\/\/www.point-du-jour.ch\/pointdujour\/wp-content\/uploads\/2023\/08\/Certificat_SQS_22023_2026-700x991.jpeg\" alt=\"\" class=\"wp-image-560\" srcset=\"https:\/\/www.point-du-jour.ch\/pointdujour\/wp-content\/uploads\/2023\/08\/Certificat_SQS_22023_2026-700x991.jpeg 700w, https:\/\/www.point-du-jour.ch\/pointdujour\/wp-content\/uploads\/2023\/08\/Certificat_SQS_22023_2026-212x300.jpeg 212w, https:\/\/www.point-du-jour.ch\/pointdujour\/wp-content\/uploads\/2023\/08\/Certificat_SQS_22023_2026-768x1087.jpeg 768w, https:\/\/www.point-du-jour.ch\/pointdujour\/wp-content\/uploads\/2023\/08\/Certificat_SQS_22023_2026.jpeg 826w\" sizes=\"auto, (max-width: 700px) 100vw, 700px\" \/><\/figure><\/div>","protected":false},"excerpt":{"rendered":"<p>Le \u00ab Point du Jour \u00bb est une association priv\u00e9e, fond\u00e9e en 1982 par un groupe d\u2019\u00e9ducateurs et de parents qui d\u00e9siraient que la prise en charge de leurs enfants en situation de handicap mentaux et\/ou pr\u00e9sentant des troubles du comportement, se fasse dans une structure familiale \u00e0 petit effectif et au sein de laquelle &hellip; <a href=\"https:\/\/www.point-du-jour.ch\/pointdujour\/notre-histoire\/\" class=\"more-link\">Continuer la lecture de <span class=\"screen-reader-text\">Qui sommes-nous ?<\/span><\/a><\/p>\n","protected":false},"author":1,"featured_media":0,"parent":0,"menu_order":0,"comment_status":"closed","ping_status":"closed","template":"","meta":{"footnotes":""},"class_list":["post-442","page","type-page","status-publish","hentry"],"_links":{"self":[{"href":"https:\/\/www.point-du-jour.ch\/pointdujour\/wp-json\/wp\/v2\/pages\/442","targetHints":{"allow":["GET"]}}],"collection":[{"href":"https:\/\/www.point-du-jour.ch\/pointdujour\/wp-json\/wp\/v2\/pages"}],"about":[{"href":"https:\/\/www.point-du-jour.ch\/pointdujour\/wp-json\/wp\/v2\/types\/page"}],"author":[{"embeddable":true,"href":"https:\/\/www.point-du-jour.ch\/pointdujour\/wp-json\/wp\/v2\/users\/1"}],"replies":[{"embeddable":true,"href":"https:\/\/www.point-du-jour.ch\/pointdujour\/wp-json\/wp\/v2\/comments?post=442"}],"version-history":[{"count":10,"href":"https:\/\/www.point-du-jour.ch\/pointdujour\/wp-json\/wp\/v2\/pages\/442\/revisions"}],"predecessor-version":[{"id":584,"href":"https:\/\/www.point-du-jour.ch\/pointdujour\/wp-json\/wp\/v2\/pages\/442\/revisions\/584"}],"wp:attachment":[{"href":"https:\/\/www.point-du-jour.ch\/pointdujour\/wp-json\/wp\/v2\/media?parent=442"}],"curies":[{"name":"wp","href":"https:\/\/api.w.org\/{rel}","templated":true}]}}