{"id":446,"date":"2021-05-18T14:30:24","date_gmt":"2021-05-18T14:30:24","guid":{"rendered":"https:\/\/www.point-du-jour.ch\/pointdujour\/?page_id=446"},"modified":"2021-05-18T14:45:53","modified_gmt":"2021-05-18T14:45:53","slug":"nos-valeurs","status":"publish","type":"page","link":"https:\/\/www.point-du-jour.ch\/pointdujour\/nos-valeurs\/","title":{"rendered":"Nos Valeurs"},"content":{"rendered":"\n<blockquote class=\"wp-block-quote is-style-large is-layout-flow wp-block-quote-is-layout-flow\"><p><strong>Accueil<\/strong><\/p><\/blockquote>\n\n\n\n<p class=\"has-normal-font-size\">Nous respectons et valorisons l\u2019identit\u00e9 de chacun.<\/p>\n\n\n\n<blockquote class=\"wp-block-quote is-style-large is-layout-flow wp-block-quote-is-layout-flow\"><p><strong>Paren<\/strong>ts<\/p><\/blockquote>\n\n\n\n<p class=\"has-normal-font-size\">Nous sommes \u00e0 l\u2019\u00e9coute des parents, leur parlons avec franchise et prenons au s\u00e9rieux leurs conseils.<\/p>\n\n\n\n<blockquote class=\"wp-block-quote is-style-large is-layout-flow wp-block-quote-is-layout-flow\"><p>\u00c9quipe<\/p><\/blockquote>\n\n\n\n<p class=\"has-normal-font-size\">Toute proposition faite est prise en consid\u00e9ration, chacun donne son avis et s\u2019efforce de tendre au mieux vers le but d\u00e9cid\u00e9 en commun.<\/p>\n\n\n\n<blockquote class=\"wp-block-quote is-style-large is-layout-flow wp-block-quote-is-layout-flow\"><p><strong>Savoir<\/strong><\/p><\/blockquote>\n\n\n\n<p class=\"has-normal-font-size\">Nous partageons entre nous nos exp\u00e9riences et transmettons notre savoir-faire avec amour et clart\u00e9 aux personnes accueillies.<\/p>\n\n\n\n<blockquote class=\"wp-block-quote is-style-large is-layout-flow wp-block-quote-is-layout-flow\"><p><strong>Ressources<\/strong><\/p><\/blockquote>\n\n\n\n<p class=\"has-normal-font-size\">Nous ne choisissons que des ressources qui augmentent le bien-\u00eatre de chacun.<\/p>\n","protected":false},"excerpt":{"rendered":"<p>Accueil Nous respectons et valorisons l\u2019identit\u00e9 de chacun. Parents Nous sommes \u00e0 l\u2019\u00e9coute des parents, leur parlons avec franchise et prenons au s\u00e9rieux leurs conseils. \u00c9quipe Toute proposition faite est prise en consid\u00e9ration, chacun donne son avis et s\u2019efforce de tendre au mieux vers le but d\u00e9cid\u00e9 en commun. Savoir Nous partageons entre nous nos &hellip; <a href=\"https:\/\/www.point-du-jour.ch\/pointdujour\/nos-valeurs\/\" class=\"more-link\">Continuer la lecture de <span class=\"screen-reader-text\">Nos Valeurs<\/span><\/a><\/p>\n","protected":false},"author":1,"featured_media":0,"parent":0,"menu_order":0,"comment_status":"closed","ping_status":"closed","template":"","meta":{"footnotes":""},"class_list":["post-446","page","type-page","status-publish","hentry"],"_links":{"self":[{"href":"https:\/\/www.point-du-jour.ch\/pointdujour\/wp-json\/wp\/v2\/pages\/446","targetHints":{"allow":["GET"]}}],"collection":[{"href":"https:\/\/www.point-du-jour.ch\/pointdujour\/wp-json\/wp\/v2\/pages"}],"about":[{"href":"https:\/\/www.point-du-jour.ch\/pointdujour\/wp-json\/wp\/v2\/types\/page"}],"author":[{"embeddable":true,"href":"https:\/\/www.point-du-jour.ch\/pointdujour\/wp-json\/wp\/v2\/users\/1"}],"replies":[{"embeddable":true,"href":"https:\/\/www.point-du-jour.ch\/pointdujour\/wp-json\/wp\/v2\/comments?post=446"}],"version-history":[{"count":4,"href":"https:\/\/www.point-du-jour.ch\/pointdujour\/wp-json\/wp\/v2\/pages\/446\/revisions"}],"predecessor-version":[{"id":480,"href":"https:\/\/www.point-du-jour.ch\/pointdujour\/wp-json\/wp\/v2\/pages\/446\/revisions\/480"}],"wp:attachment":[{"href":"https:\/\/www.point-du-jour.ch\/pointdujour\/wp-json\/wp\/v2\/media?parent=446"}],"curies":[{"name":"wp","href":"https:\/\/api.w.org\/{rel}","templated":true}]}}