{"id":450,"date":"2021-05-14T12:54:46","date_gmt":"2021-05-14T12:54:46","guid":{"rendered":"https:\/\/www.point-du-jour.ch\/pointdujour\/?page_id=450"},"modified":"2021-05-14T12:54:46","modified_gmt":"2021-05-14T12:54:46","slug":"nos-activites","status":"publish","type":"page","link":"https:\/\/www.point-du-jour.ch\/pointdujour\/nos-activites\/","title":{"rendered":"Nos Activit\u00e9s"},"content":{"rendered":"\n<p>Les adultes que nous accueillons ont la possibilit\u00e9 de s&rsquo;\u00e9panouir en participant aux divers ateliers que nous leur proposons.<\/p>\n\n\n\n<p>Les ateliers sont les suivants : cuir, laine feutr\u00e9e, poterie et des activit\u00e9s de plein air ainsi que des activit\u00e9s ponctuelles telles que peinture, papier m\u00e2ch\u00e9 et plus encore.<\/p>\n\n\n\n<figure class=\"wp-block-gallery columns-3 is-cropped wp-block-gallery-1 is-layout-flex wp-block-gallery-is-layout-flex\"><ul class=\"blocks-gallery-grid\"><li class=\"blocks-gallery-item\"><figure><img loading=\"lazy\" decoding=\"async\" width=\"700\" height=\"525\" src=\"https:\/\/www.point-du-jour.ch\/pointdujour\/wp-content\/uploads\/2018\/08\/DSC09906-700x525.jpg\" alt=\"\" data-id=\"146\" data-full-url=\"https:\/\/www.point-du-jour.ch\/pointdujour\/wp-content\/uploads\/2018\/08\/DSC09906.jpg\" data-link=\"https:\/\/www.point-du-jour.ch\/pointdujour\/nos-activites\/dsc09906\/\" class=\"wp-image-146\" srcset=\"https:\/\/www.point-du-jour.ch\/pointdujour\/wp-content\/uploads\/2018\/08\/DSC09906-700x525.jpg 700w, https:\/\/www.point-du-jour.ch\/pointdujour\/wp-content\/uploads\/2018\/08\/DSC09906-300x225.jpg 300w, https:\/\/www.point-du-jour.ch\/pointdujour\/wp-content\/uploads\/2018\/08\/DSC09906-768x576.jpg 768w, https:\/\/www.point-du-jour.ch\/pointdujour\/wp-content\/uploads\/2018\/08\/DSC09906.jpg 2048w\" sizes=\"auto, (max-width: 700px) 100vw, 700px\" \/><\/figure><\/li><li class=\"blocks-gallery-item\"><figure><img loading=\"lazy\" decoding=\"async\" width=\"700\" height=\"525\" src=\"https:\/\/www.point-du-jour.ch\/pointdujour\/wp-content\/uploads\/2018\/08\/DSC09849-700x525.jpg\" alt=\"\" data-id=\"144\" data-full-url=\"https:\/\/www.point-du-jour.ch\/pointdujour\/wp-content\/uploads\/2018\/08\/DSC09849.jpg\" data-link=\"https:\/\/www.point-du-jour.ch\/pointdujour\/nos-activites\/dsc09849\/\" class=\"wp-image-144\" srcset=\"https:\/\/www.point-du-jour.ch\/pointdujour\/wp-content\/uploads\/2018\/08\/DSC09849-700x525.jpg 700w, https:\/\/www.point-du-jour.ch\/pointdujour\/wp-content\/uploads\/2018\/08\/DSC09849-300x225.jpg 300w, https:\/\/www.point-du-jour.ch\/pointdujour\/wp-content\/uploads\/2018\/08\/DSC09849-768x576.jpg 768w, https:\/\/www.point-du-jour.ch\/pointdujour\/wp-content\/uploads\/2018\/08\/DSC09849.jpg 2048w\" sizes=\"auto, (max-width: 700px) 100vw, 700px\" \/><\/figure><\/li><li class=\"blocks-gallery-item\"><figure><img loading=\"lazy\" decoding=\"async\" width=\"700\" height=\"525\" src=\"https:\/\/www.point-du-jour.ch\/pointdujour\/wp-content\/uploads\/2018\/08\/DSC09872-700x525.jpg\" alt=\"\" data-id=\"139\" data-full-url=\"https:\/\/www.point-du-jour.ch\/pointdujour\/wp-content\/uploads\/2018\/08\/DSC09872.jpg\" data-link=\"https:\/\/www.point-du-jour.ch\/pointdujour\/nos-activites\/dsc09872\/\" class=\"wp-image-139\" srcset=\"https:\/\/www.point-du-jour.ch\/pointdujour\/wp-content\/uploads\/2018\/08\/DSC09872-700x525.jpg 700w, https:\/\/www.point-du-jour.ch\/pointdujour\/wp-content\/uploads\/2018\/08\/DSC09872-300x225.jpg 300w, https:\/\/www.point-du-jour.ch\/pointdujour\/wp-content\/uploads\/2018\/08\/DSC09872-768x576.jpg 768w, https:\/\/www.point-du-jour.ch\/pointdujour\/wp-content\/uploads\/2018\/08\/DSC09872.jpg 2048w\" sizes=\"auto, (max-width: 700px) 100vw, 700px\" \/><\/figure><\/li><li class=\"blocks-gallery-item\"><figure><img loading=\"lazy\" decoding=\"async\" width=\"700\" height=\"525\" src=\"https:\/\/www.point-du-jour.ch\/pointdujour\/wp-content\/uploads\/2018\/08\/DSC09875-700x525.jpg\" alt=\"\" data-id=\"140\" data-full-url=\"https:\/\/www.point-du-jour.ch\/pointdujour\/wp-content\/uploads\/2018\/08\/DSC09875.jpg\" data-link=\"https:\/\/www.point-du-jour.ch\/pointdujour\/nos-activites\/dsc09875\/\" class=\"wp-image-140\" srcset=\"https:\/\/www.point-du-jour.ch\/pointdujour\/wp-content\/uploads\/2018\/08\/DSC09875-700x525.jpg 700w, https:\/\/www.point-du-jour.ch\/pointdujour\/wp-content\/uploads\/2018\/08\/DSC09875-300x225.jpg 300w, https:\/\/www.point-du-jour.ch\/pointdujour\/wp-content\/uploads\/2018\/08\/DSC09875-768x576.jpg 768w, https:\/\/www.point-du-jour.ch\/pointdujour\/wp-content\/uploads\/2018\/08\/DSC09875.jpg 2048w\" sizes=\"auto, (max-width: 700px) 100vw, 700px\" \/><\/figure><\/li><li class=\"blocks-gallery-item\"><figure><img loading=\"lazy\" decoding=\"async\" width=\"700\" height=\"525\" src=\"https:\/\/www.point-du-jour.ch\/pointdujour\/wp-content\/uploads\/2018\/08\/DSC09898-700x525.jpg\" alt=\"\" data-id=\"145\" data-full-url=\"https:\/\/www.point-du-jour.ch\/pointdujour\/wp-content\/uploads\/2018\/08\/DSC09898.jpg\" data-link=\"https:\/\/www.point-du-jour.ch\/pointdujour\/nos-activites\/dsc09898\/\" class=\"wp-image-145\" srcset=\"https:\/\/www.point-du-jour.ch\/pointdujour\/wp-content\/uploads\/2018\/08\/DSC09898-700x525.jpg 700w, https:\/\/www.point-du-jour.ch\/pointdujour\/wp-content\/uploads\/2018\/08\/DSC09898-300x225.jpg 300w, https:\/\/www.point-du-jour.ch\/pointdujour\/wp-content\/uploads\/2018\/08\/DSC09898-768x576.jpg 768w, https:\/\/www.point-du-jour.ch\/pointdujour\/wp-content\/uploads\/2018\/08\/DSC09898.jpg 2048w\" sizes=\"auto, (max-width: 700px) 100vw, 700px\" \/><\/figure><\/li><li class=\"blocks-gallery-item\"><figure><img loading=\"lazy\" decoding=\"async\" width=\"700\" height=\"525\" src=\"https:\/\/www.point-du-jour.ch\/pointdujour\/wp-content\/uploads\/2018\/08\/DSC09844-700x525.jpg\" alt=\"\" data-id=\"143\" data-full-url=\"https:\/\/www.point-du-jour.ch\/pointdujour\/wp-content\/uploads\/2018\/08\/DSC09844.jpg\" data-link=\"https:\/\/www.point-du-jour.ch\/pointdujour\/nos-activites\/dsc09844\/\" class=\"wp-image-143\" srcset=\"https:\/\/www.point-du-jour.ch\/pointdujour\/wp-content\/uploads\/2018\/08\/DSC09844-700x525.jpg 700w, https:\/\/www.point-du-jour.ch\/pointdujour\/wp-content\/uploads\/2018\/08\/DSC09844-300x225.jpg 300w, https:\/\/www.point-du-jour.ch\/pointdujour\/wp-content\/uploads\/2018\/08\/DSC09844-768x576.jpg 768w, https:\/\/www.point-du-jour.ch\/pointdujour\/wp-content\/uploads\/2018\/08\/DSC09844.jpg 2048w\" sizes=\"auto, (max-width: 700px) 100vw, 700px\" \/><\/figure><\/li><li class=\"blocks-gallery-item\"><figure><img loading=\"lazy\" decoding=\"async\" width=\"700\" height=\"525\" src=\"https:\/\/www.point-du-jour.ch\/pointdujour\/wp-content\/uploads\/2018\/08\/DSC09830-700x525.jpg\" alt=\"\" data-id=\"142\" data-full-url=\"https:\/\/www.point-du-jour.ch\/pointdujour\/wp-content\/uploads\/2018\/08\/DSC09830.jpg\" data-link=\"https:\/\/www.point-du-jour.ch\/pointdujour\/nos-activites\/dsc09830\/\" class=\"wp-image-142\" srcset=\"https:\/\/www.point-du-jour.ch\/pointdujour\/wp-content\/uploads\/2018\/08\/DSC09830-700x525.jpg 700w, https:\/\/www.point-du-jour.ch\/pointdujour\/wp-content\/uploads\/2018\/08\/DSC09830-300x225.jpg 300w, https:\/\/www.point-du-jour.ch\/pointdujour\/wp-content\/uploads\/2018\/08\/DSC09830-768x576.jpg 768w, https:\/\/www.point-du-jour.ch\/pointdujour\/wp-content\/uploads\/2018\/08\/DSC09830.jpg 2048w\" sizes=\"auto, (max-width: 700px) 100vw, 700px\" \/><\/figure><\/li><li class=\"blocks-gallery-item\"><figure><img loading=\"lazy\" decoding=\"async\" width=\"700\" height=\"525\" src=\"https:\/\/www.point-du-jour.ch\/pointdujour\/wp-content\/uploads\/2018\/08\/DSC09915-700x525.jpg\" alt=\"\" data-id=\"147\" data-full-url=\"https:\/\/www.point-du-jour.ch\/pointdujour\/wp-content\/uploads\/2018\/08\/DSC09915.jpg\" data-link=\"https:\/\/www.point-du-jour.ch\/pointdujour\/nos-activites\/dsc09915\/\" class=\"wp-image-147\" srcset=\"https:\/\/www.point-du-jour.ch\/pointdujour\/wp-content\/uploads\/2018\/08\/DSC09915-700x525.jpg 700w, https:\/\/www.point-du-jour.ch\/pointdujour\/wp-content\/uploads\/2018\/08\/DSC09915-300x225.jpg 300w, https:\/\/www.point-du-jour.ch\/pointdujour\/wp-content\/uploads\/2018\/08\/DSC09915-768x576.jpg 768w, https:\/\/www.point-du-jour.ch\/pointdujour\/wp-content\/uploads\/2018\/08\/DSC09915.jpg 2048w\" sizes=\"auto, (max-width: 700px) 100vw, 700px\" \/><\/figure><\/li><li class=\"blocks-gallery-item\"><figure><img loading=\"lazy\" decoding=\"async\" width=\"700\" height=\"525\" src=\"https:\/\/www.point-du-jour.ch\/pointdujour\/wp-content\/uploads\/2018\/08\/Objet13-700x525.jpg\" alt=\"\" data-id=\"148\" data-full-url=\"https:\/\/www.point-du-jour.ch\/pointdujour\/wp-content\/uploads\/2018\/08\/Objet13.jpg\" data-link=\"https:\/\/www.point-du-jour.ch\/pointdujour\/nos-activites\/objet13\/\" class=\"wp-image-148\" srcset=\"https:\/\/www.point-du-jour.ch\/pointdujour\/wp-content\/uploads\/2018\/08\/Objet13-700x525.jpg 700w, https:\/\/www.point-du-jour.ch\/pointdujour\/wp-content\/uploads\/2018\/08\/Objet13-300x225.jpg 300w, https:\/\/www.point-du-jour.ch\/pointdujour\/wp-content\/uploads\/2018\/08\/Objet13-768x576.jpg 768w, https:\/\/www.point-du-jour.ch\/pointdujour\/wp-content\/uploads\/2018\/08\/Objet13.jpg 2048w\" sizes=\"auto, (max-width: 700px) 100vw, 700px\" \/><\/figure><\/li><\/ul><\/figure>\n\n\n\n<p><\/p>\n","protected":false},"excerpt":{"rendered":"<p>Les adultes que nous accueillons ont la possibilit\u00e9 de s&rsquo;\u00e9panouir en participant aux divers ateliers que nous leur proposons. Les ateliers sont les suivants : cuir, laine feutr\u00e9e, poterie et des activit\u00e9s de plein air ainsi que des activit\u00e9s ponctuelles telles que peinture, papier m\u00e2ch\u00e9 et plus encore.<\/p>\n","protected":false},"author":1,"featured_media":0,"parent":0,"menu_order":0,"comment_status":"closed","ping_status":"closed","template":"","meta":{"footnotes":""},"class_list":["post-450","page","type-page","status-publish","hentry"],"_links":{"self":[{"href":"https:\/\/www.point-du-jour.ch\/pointdujour\/wp-json\/wp\/v2\/pages\/450","targetHints":{"allow":["GET"]}}],"collection":[{"href":"https:\/\/www.point-du-jour.ch\/pointdujour\/wp-json\/wp\/v2\/pages"}],"about":[{"href":"https:\/\/www.point-du-jour.ch\/pointdujour\/wp-json\/wp\/v2\/types\/page"}],"author":[{"embeddable":true,"href":"https:\/\/www.point-du-jour.ch\/pointdujour\/wp-json\/wp\/v2\/users\/1"}],"replies":[{"embeddable":true,"href":"https:\/\/www.point-du-jour.ch\/pointdujour\/wp-json\/wp\/v2\/comments?post=450"}],"version-history":[{"count":3,"href":"https:\/\/www.point-du-jour.ch\/pointdujour\/wp-json\/wp\/v2\/pages\/450\/revisions"}],"predecessor-version":[{"id":454,"href":"https:\/\/www.point-du-jour.ch\/pointdujour\/wp-json\/wp\/v2\/pages\/450\/revisions\/454"}],"wp:attachment":[{"href":"https:\/\/www.point-du-jour.ch\/pointdujour\/wp-json\/wp\/v2\/media?parent=450"}],"curies":[{"name":"wp","href":"https:\/\/api.w.org\/{rel}","templated":true}]}}